{"id":70,"date":"2025-10-02T03:12:06","date_gmt":"2025-10-02T10:12:06","guid":{"rendered":"https:\/\/hocdulich.vn\/?page_id=70"},"modified":"2025-10-20T03:23:12","modified_gmt":"2025-10-20T10:23:12","slug":"about","status":"publish","type":"page","link":"https:\/\/hocdulich.vn\/index.php\/about\/","title":{"rendered":"Li\u00ean h\u1ec7"},"content":{"rendered":"\r\n<h1 style=\"text-align: center;\">HocDuLich.vn<\/h1>\r\n<p>HocDuLich.vn \u0111\u01b0\u1ee3c th\u00e0nh l\u1eadp v\u1edbi s\u1ee9 m\u1ec7nh l\u00e0 m\u1ed9t n\u1ec1n t\u1ea3ng chia s\u1ebd, n\u01a1i ch\u00fang t\u00f4i k\u1ebft h\u1ee3p gi\u1eefa <b>ki\u1ebfn th\u1ee9c h\u1ecdc thu\u1eadt<\/b> v\u00e0 <b>kinh nghi\u1ec7m th\u1ef1c ti\u1ec5n<\/b> \u0111\u1ec3 l\u00e0m phong ph\u00fa th\u00eam h\u00e0nh tr\u00ecnh c\u1ee7a b\u1ea1n trong l\u0129nh v\u1ef1c Du l\u1ecbch \u0111\u1ea7y th\u00fa v\u1ecb n\u00e0y.<\/p>\r\n<p>T\u1ea1i \u0111\u00e2y, b\u1ea1n s\u1ebd t\u00ecm th\u1ea5y:<\/p>\r\n<ul style=\"text-align: justify;\">\r\n<li><b>Kho ki\u1ebfn th\u1ee9c chuy\u00ean s\u00e2u:<\/b> C\u00e1c b\u00e0i vi\u1ebft, ph\u00e2n t\u00edch, v\u00e0 t\u00e0i li\u1ec7u h\u1ecdc t\u1eadp \u0111\u01b0\u1ee3c ch\u1ecdn l\u1ecdc k\u1ef9 c\u00e0ng, t\u1eadp trung v\u00e0o c\u00e1c kh\u00e1i ni\u1ec7m, l\u00fd thuy\u1ebft, v\u00e0 xu h\u01b0\u1edbng m\u1edbi nh\u1ea5t trong nghi\u00ean c\u1ee9u Du l\u1ecbch, Qu\u1ea3n tr\u1ecb Kh\u00e1ch s\u1ea1n, v\u00e0 D\u1ecbch v\u1ee5 L\u1eef h\u00e0nh.<\/li>\r\n<li><b>Chia s\u1ebb kinh nghi\u1ec7m c\u00e1 nh\u00e2n:<\/b> Nh\u1eefng g\u00f3c nh\u00ecn \u0111\u1ed9c \u0111\u00e1o, kinh nghi\u1ec7m l\u00e0m vi\u1ec7c th\u1ef1c t\u1ebf, v\u00e0 b\u00e0i h\u1ecdc qu\u00fd gi\u00e1 t\u1eeb ch\u00ednh t\u00e1c gi\u1ea3 \u2013 m\u1ed9t ng\u01b0\u1eddi \u0111\u00e3 v\u00e0 \u0111ang ho\u1ea1t \u0111\u1ed9ng, nghi\u00ean c\u1ee9u s\u00e2u trong ng\u00e0nh.<\/li>\r\n<li><b>C\u1ed9ng \u0111\u1ed3ng k\u1ebft n\u1ed1i \u0111am m\u00ea:<\/b> Ch\u00fang t\u00f4i mong mu\u1ed1n x\u00e2y d\u1ef1ng m\u1ed9t kh\u00f4ng gian m\u1edf \u0111\u1ec3 b\u1ea1n c\u00f3 th\u1ec3 trao \u0111\u1ed5i, th\u1ea3o lu\u1eadn, v\u00e0 h\u1ecdc h\u1ecfi t\u1eeb nh\u1eefng ng\u01b0\u1eddi c\u00f9ng chung ch\u00ed h\u01b0\u1edbng, bi\u1ebfn ki\u1ebfn th\u1ee9c th\u00e0nh h\u00e0nh \u0111\u1ed9ng, v\u00e0 bi\u1ebfn \u0111am m\u00ea th\u00e0nh s\u1ef1 nghi\u1ec7p v\u1eefng ch\u1eafc.<\/li>\r\n<\/ul>\r\n<p>N\u1ebfu b\u1ea1n l\u00e0 sinh vi\u00ean, h\u1ecdc vi\u00ean, nh\u00e0 nghi\u00ean c\u1ee9u, hay \u0111\u01a1n gi\u1ea3n l\u00e0 ng\u01b0\u1eddi t\u00f2 m\u00f2 mu\u1ed1n kh\u00e1m ph\u00e1 chi\u1ec1u s\u00e2u c\u1ee7a ng\u00e0nh c\u00f4ng nghi\u1ec7p kh\u00f4ng kh\u00f3i, <b>HocDuLich.vn<\/b> ch\u00ednh l\u00e0 \u0111i\u1ec3m d\u1eebng ch\u00e2n l\u00fd t\u01b0\u1edfng c\u1ee7a b\u1ea1n. H\u00e3y c\u00f9ng nhau h\u1ecdc h\u1ecfi, chia s\u1ebb v\u00e0 ph\u00e1t tri\u1ec3n!<\/p>\r\n\r\n\r\n\r\n<p>N\u1ebfu b\u1ea1n c\u00f3 b\u1ea5t k\u1ef3 c\u00e2u h\u1ecfi, g\u00f3p \u00fd ho\u1eb7c c\u1ea7n h\u1ed7 tr\u1ee3, vui l\u00f2ng li\u00ean h\u1ec7 v\u1edbi ch\u00fang t\u00f4i qua c\u00e1c th\u00f4ng tin d\u01b0\u1edbi \u0111\u00e2y. Ch\u00fang t\u00f4i lu\u00f4n s\u1eb5n s\u00e0ng l\u1eafng nghe v\u00e0 ph\u1ea3n h\u1ed3i trong th\u1eddi gian s\u1edbm nh\u1ea5t.<\/p>\r\n\r\n\r\n\r\n<p><strong>Email:<\/strong>\u00a0(Vui l\u00f2ng nh\u1eadp \u0111\u1ecba ch\u1ec9 email \u0111\u1ec3 ch\u00fang t\u00f4i c\u00f3 th\u1ec3 ph\u1ea3n h\u1ed3i)<\/p>\r\n\r\n\r\n\r\n<p>M\u1ea1ng xa h\u1ed9i:<\/p>\r\n\r\n\r\n\r\n<ul class=\"wp-block-list\">\r\n<li>Instagram:\u00a0<\/li>\r\n\r\n\r\n\r\n<li>Facebook:<\/li>\r\n<\/ul>\r\n\r\n\r\n\r\n<p>&nbsp;<\/p>\r\n","protected":false},"excerpt":{"rendered":"<p>HocDuLich.vn HocDuLich.vn \u0111\u01b0\u1ee3c th\u00e0nh l\u1eadp v\u1edbi s\u1ee9 m\u1ec7nh l\u00e0 m\u1ed9t n\u1ec1n t\u1ea3ng chia s\u1ebd, n\u01a1i ch\u00fang t\u00f4i k\u1ebft h\u1ee3p gi\u1eefa ki\u1ebfn th\u1ee9c h\u1ecdc thu\u1eadt v\u00e0 kinh nghi\u1ec7m th\u1ef1c ti\u1ec5n \u0111\u1ec3 l\u00e0m phong ph\u00fa th\u00eam h\u00e0nh tr\u00ecnh c\u1ee7a b\u1ea1n trong l\u0129nh v\u1ef1c Du l\u1ecbch \u0111\u1ea7y th\u00fa v\u1ecb n\u00e0y. T\u1ea1i \u0111\u00e2y, b\u1ea1n s\u1ebd t\u00ecm th\u1ea5y: Kho ki\u1ebfn&#8230;<\/p>\n","protected":false},"author":1,"featured_media":0,"parent":0,"menu_order":0,"comment_status":"closed","ping_status":"closed","template":"","meta":{"footnotes":""},"class_list":["post-70","page","type-page","status-publish","hentry"],"_links":{"self":[{"href":"https:\/\/hocdulich.vn\/index.php\/wp-json\/wp\/v2\/pages\/70","targetHints":{"allow":["GET"]}}],"collection":[{"href":"https:\/\/hocdulich.vn\/index.php\/wp-json\/wp\/v2\/pages"}],"about":[{"href":"https:\/\/hocdulich.vn\/index.php\/wp-json\/wp\/v2\/types\/page"}],"author":[{"embeddable":true,"href":"https:\/\/hocdulich.vn\/index.php\/wp-json\/wp\/v2\/users\/1"}],"replies":[{"embeddable":true,"href":"https:\/\/hocdulich.vn\/index.php\/wp-json\/wp\/v2\/comments?post=70"}],"version-history":[{"count":3,"href":"https:\/\/hocdulich.vn\/index.php\/wp-json\/wp\/v2\/pages\/70\/revisions"}],"predecessor-version":[{"id":190,"href":"https:\/\/hocdulich.vn\/index.php\/wp-json\/wp\/v2\/pages\/70\/revisions\/190"}],"wp:attachment":[{"href":"https:\/\/hocdulich.vn\/index.php\/wp-json\/wp\/v2\/media?parent=70"}],"curies":[{"name":"wp","href":"https:\/\/api.w.org\/{rel}","templated":true}]}}